{"id":13201,"date":"2021-11-03T15:54:56","date_gmt":"2021-11-03T14:54:56","guid":{"rendered":"https:\/\/www.ateti.pt\/loja\/?post_type=product&#038;p=13201"},"modified":"2026-04-12T17:17:06","modified_gmt":"2026-04-12T16:17:06","slug":"brasa","status":"publish","type":"product","link":"https:\/\/www.ateti.pt\/loja\/produto\/brasa\/","title":{"rendered":"Bebida Sol\u00favel Brasa 200g Nestl\u00e9"},"content":{"rendered":"<p>Bebida Sol\u00favel Brasa Frasco<\/p>\n<p>Quantidade: 200g<\/p>\n<p><strong>Descri\u00e7\u00e3o:\u00a0<\/strong><\/p>\n<div class=\"col-md-7 p-lg-0\">\n<div class=\"descricao_produto-wrapper\">\n<div class=\"produto__field-descricao-produto\">\n<div class=\"paragraph paragraph--type--titulo-paragrafo paragraph--view-mode--default\">\n<div class=\"titulo-paragrafo__field-paragrafo\">\n<div>BRASA \u00e9 uma bebida de cereais sem caf\u00e9, composta por cevada, chic\u00f3ria e centeio.<\/div>\n<div><\/div>\n<div>A gama de Bebidas de Cereais Nestl\u00e9 tem ainda outras variedades com ou sem caf\u00e9, adequadas para tomar nos v\u00e1rios momentos do dia. Seja como parte de um pequeno almo\u00e7o saud\u00e1vel, de um lanche a meio do dia, ou num momento reconfortante antes de dormir, estas bebidas s\u00e3o uma alternativa saborosa e nutritiva. Podem ser reconstitu\u00eddas com leite ou \u00e1gua, conforme a sua prefer\u00eancia. Conhe\u00e7a a gama e experimente a forma mais saborosa de beber cereais.<\/div>\n<div><strong>Ingredientes:<\/strong><\/div>\n<\/div>\n<\/div>\n<\/div>\n<\/div>\n<\/div>\n<div class=\"col-md-3 ml-auto\">\n<div class=\"ingredientes-wrapper pt-md-5\">\n<div class=\"produto__field-ingredientes\">\n<div class=\"field__items\">\n<div class=\"field__item\">\n<div class=\"paragraph paragraph--type--titulo-paragrafo paragraph--view-mode--default\">\n<div class=\"titulo-paragrafo__field-paragrafo\">\n<p><strong>Cevada<\/strong>, chic\u00f3ria e\u00a0<strong>centeio<\/strong>.<\/p>\n<\/div>\n<\/div>\n<\/div>\n<div class=\"field__item\">\n<div class=\"paragraph paragraph--type--titulo-paragrafo paragraph--view-mode--default\">\n<div class=\"titulo-paragrafo__field-titulo\">\n<p><strong>Prepara\u00e7\u00e3o:<\/strong><\/p>\n<p>1. Deitar duas colheres de ch\u00e1 de Brasa numa caneca.<\/p>\n<\/div>\n<div class=\"titulo-paragrafo__field-paragrafo\">\u00a02. Juntar leite quente ou frio, ado\u00e7ar a gosto e mexer.<\/div>\n<\/div>\n<\/div>\n<div class=\"field__item\">\n<div class=\"paragraph paragraph--type--titulo-paragrafo paragraph--view-mode--default\">\n<div class=\"titulo-paragrafo__field-titulo\">\n<p><strong>Conserva\u00e7\u00e3o: <\/strong>conservar em local fresco e seco, consumir de prefer\u00eancia antes do fim da data especificada na embalagem.<\/p>\n<p>Veja mais em <a href=\"https:\/\/www.ateti.pt\/loja\/categoria\/cafe-moido-em-grao-e-soluvel\/\">Caf\u00e9 mo\u00eddo, em gr\u00e3o e sol\u00favel<\/a><\/p>\n<\/div>\n<\/div>\n<\/div>\n<\/div>\n<\/div>\n<\/div>\n<\/div>\n","protected":false},"excerpt":{"rendered":"<p>15.45\u20ac\/kg<\/p>\n","protected":false},"featured_media":34908,"comment_status":"closed","ping_status":"closed","template":"","meta":{"_themeisle_gutenberg_block_has_review":false},"product_brand":[],"product_cat":[24,171,132],"product_tag":[],"woo-feed-brand":[],"class_list":{"0":"post-13201","1":"product","2":"type-product","3":"status-publish","4":"has-post-thumbnail","6":"product_cat-cafe-moido-em-grao-e-soluvel","7":"product_cat-cafe-soluvel","8":"product_cat-mercearia","9":"ts_product_brand-nestle","11":"first","12":"outofstock","13":"taxable","14":"shipping-taxable","15":"purchasable","16":"product-type-simple"},"_links":{"self":[{"href":"https:\/\/www.ateti.pt\/loja\/wp-json\/wp\/v2\/product\/13201","targetHints":{"allow":["GET"]}}],"collection":[{"href":"https:\/\/www.ateti.pt\/loja\/wp-json\/wp\/v2\/product"}],"about":[{"href":"https:\/\/www.ateti.pt\/loja\/wp-json\/wp\/v2\/types\/product"}],"replies":[{"embeddable":true,"href":"https:\/\/www.ateti.pt\/loja\/wp-json\/wp\/v2\/comments?post=13201"}],"wp:featuredmedia":[{"embeddable":true,"href":"https:\/\/www.ateti.pt\/loja\/wp-json\/wp\/v2\/media\/34908"}],"wp:attachment":[{"href":"https:\/\/www.ateti.pt\/loja\/wp-json\/wp\/v2\/media?parent=13201"}],"wp:term":[{"taxonomy":"product_brand","embeddable":true,"href":"https:\/\/www.ateti.pt\/loja\/wp-json\/wp\/v2\/product_brand?post=13201"},{"taxonomy":"product_cat","embeddable":true,"href":"https:\/\/www.ateti.pt\/loja\/wp-json\/wp\/v2\/product_cat?post=13201"},{"taxonomy":"product_tag","embeddable":true,"href":"https:\/\/www.ateti.pt\/loja\/wp-json\/wp\/v2\/product_tag?post=13201"},{"taxonomy":"woo-feed-brand","embeddable":true,"href":"https:\/\/www.ateti.pt\/loja\/wp-json\/wp\/v2\/woo-feed-brand?post=13201"}],"curies":[{"name":"wp","href":"https:\/\/api.w.org\/{rel}","templated":true}]}}