{"id":13183,"date":"2022-04-06T17:59:06","date_gmt":"2022-04-06T16:59:06","guid":{"rendered":"https:\/\/www.ateti.pt\/loja\/?post_type=product&#038;p=13183"},"modified":"2026-03-26T22:36:12","modified_gmt":"2026-03-26T22:36:12","slug":"halls-mel-e-limao","status":"publish","type":"product","link":"https:\/\/www.ateti.pt\/loja\/produto\/halls-mel-e-limao\/","title":{"rendered":"Halls sem A\u00e7\u00facar Mel &amp; Lim\u00e3o 32g Adams"},"content":{"rendered":"<p><strong>Rebu\u00e7ados Halls Mel e Lim\u00e3o 32g<\/strong><\/p>\n<p>Quantidade: 32g<\/p>\n<p>Rebu\u00e7ados Halls Mel e Lim\u00e3o 32g sem a\u00e7\u00facar com edulcorantes. Sabor a mel e lim\u00e3o. O seu consumo excessivo pode ter efeitos laxativos. Cont\u00e9m uma fonte de fenil\u00e1lanina<\/p>\n<p><strong>Ingredientes<\/strong><\/p>\n<p>Edulcorantes (isomalte, aspartame, acessulfame K), acidificantes (E270, E330), regulador de acidez (E325), aromas, aroma de eucalipto, mentol, corante (E160a)<\/p>\n<p><strong>Valores nutricionais (100g):<\/strong> Energia: 986 kj\/236 kcal; Lip\u00eddos: \u00ab0,1g, dos quais saturados: \u00ab0,1g; hidratos de carbono: 97g, dos quais a\u00e7ucares: \u00ab0,1g, dos quais poli\u00f3is: 97g; prote\u00ednas: \u00ab0,1g; sal: 0,07g<\/p>\n<p>&nbsp;<\/p>\n<p>Veja mais em <a href=\"https:\/\/www.ateti.pt\/loja\/categoria\/mercearia\/chocolates-biscoitos-e-cereais\/chocolates\/\">Chocolates e Doces<\/a><\/p>\n","protected":false},"excerpt":{"rendered":"<p>24.69\u20ac\/kg<\/p>\n","protected":false},"featured_media":61294,"comment_status":"closed","ping_status":"closed","template":"","meta":{"_themeisle_gutenberg_block_has_review":false},"product_brand":[],"product_cat":[542,250,688,25,144,132],"product_tag":[],"woo-feed-brand":[],"class_list":{"0":"post-13183","1":"product","2":"type-product","3":"status-publish","4":"has-post-thumbnail","6":"product_cat-alimentacao-office","7":"product_cat-ate-ti-negocios","8":"product_cat-chocolates-bolachas","9":"product_cat-chocolates","10":"product_cat-chocolates-biscoitos-e-cereais","11":"product_cat-mercearia","12":"ts_product_brand-halls","14":"first","15":"instock","16":"taxable","17":"shipping-taxable","18":"purchasable","19":"product-type-simple"},"_links":{"self":[{"href":"https:\/\/www.ateti.pt\/loja\/wp-json\/wp\/v2\/product\/13183","targetHints":{"allow":["GET"]}}],"collection":[{"href":"https:\/\/www.ateti.pt\/loja\/wp-json\/wp\/v2\/product"}],"about":[{"href":"https:\/\/www.ateti.pt\/loja\/wp-json\/wp\/v2\/types\/product"}],"replies":[{"embeddable":true,"href":"https:\/\/www.ateti.pt\/loja\/wp-json\/wp\/v2\/comments?post=13183"}],"wp:featuredmedia":[{"embeddable":true,"href":"https:\/\/www.ateti.pt\/loja\/wp-json\/wp\/v2\/media\/61294"}],"wp:attachment":[{"href":"https:\/\/www.ateti.pt\/loja\/wp-json\/wp\/v2\/media?parent=13183"}],"wp:term":[{"taxonomy":"product_brand","embeddable":true,"href":"https:\/\/www.ateti.pt\/loja\/wp-json\/wp\/v2\/product_brand?post=13183"},{"taxonomy":"product_cat","embeddable":true,"href":"https:\/\/www.ateti.pt\/loja\/wp-json\/wp\/v2\/product_cat?post=13183"},{"taxonomy":"product_tag","embeddable":true,"href":"https:\/\/www.ateti.pt\/loja\/wp-json\/wp\/v2\/product_tag?post=13183"},{"taxonomy":"woo-feed-brand","embeddable":true,"href":"https:\/\/www.ateti.pt\/loja\/wp-json\/wp\/v2\/woo-feed-brand?post=13183"}],"curies":[{"name":"wp","href":"https:\/\/api.w.org\/{rel}","templated":true}]}}