{"id":13177,"date":"2025-04-27T17:42:57","date_gmt":"2025-04-27T16:42:57","guid":{"rendered":"https:\/\/www.ateti.pt\/loja\/?post_type=product&#038;p=13177"},"modified":"2025-08-20T14:48:57","modified_gmt":"2025-08-20T13:48:57","slug":"feijao-vermelho-lata-compal-410gr","status":"publish","type":"product","link":"https:\/\/www.ateti.pt\/loja\/produto\/feijao-vermelho-lata-compal-410gr\/","title":{"rendered":"Feij\u00e3o Vermelho Lata Compal 410g"},"content":{"rendered":"<h5>Feij\u00e3o Vermelho Lata Compal<\/h5>\n<p>Quantidade: 410g<\/p>\n<p><strong>Ingredientes:\u00a0<\/strong>Feij\u00e3o encarnado, \u00e1gua e sal.<\/p>\n<p><strong>Valores Nutricionais:\u00a0<\/strong>Energia: 413kj\/98kcal; L\u00edpidos: 0,60, dos quais saturados: \u00ab0,50g; Hidratos de carbono: 13g, dos quais a\u00e7\u00facares: 0,40g; Fibra: 5,50g; Prote\u00ednas: 7,60g; Sal: 0,86g.<\/p>\n<p>Sugest\u00e3o de receita<\/p>\n<h5>Sopa de Feij\u00e3o Encarnado<\/h5>\n<p><strong>Ingredientes:<\/strong><\/p>\n<div class=\"col-lg-6\">\n<ul class=\"recipe-ingredients\" data-servings=\"4\">\n<li><span class=\"recipe-ingredient-quantity-unit\"><span class=\"recipe-ingredient-quantity\" data-normalized=\"2\" data-original=\"2 \">2\u00a0<\/span><\/span><span class=\"recipe-ingredient-name\">Cebolas<\/span><\/li>\n<li><span class=\"recipe-ingredient-quantity-unit\"><span class=\"recipe-ingredient-quantity\" data-normalized=\"2\" data-original=\"2\">2<\/span>\u00a0<span class=\"recipe-ingredient-unit\">dentes de<\/span><\/span>\u00a0<span class=\"recipe-ingredient-name\">Alho<\/span><\/li>\n<li><span class=\"recipe-ingredient-quantity-unit\"><span class=\"recipe-ingredient-quantity\" data-normalized=\"2\" data-original=\"2 \">2\u00a0<\/span><\/span><span class=\"recipe-ingredient-name\">cenoura<\/span><\/li>\n<li><span class=\"recipe-ingredient-quantity-unit\"><span class=\"recipe-ingredient-quantity\" data-normalized=\"600\" data-original=\"600 \">600\u00a0<\/span><span class=\"recipe-ingredient-unit\">g de<\/span><\/span>\u00a0<span class=\"recipe-ingredient-name\">batatas<\/span><\/li>\n<li><span class=\"recipe-ingredient-quantity-unit\"><span class=\"recipe-ingredient-quantity\" data-normalized=\"500\" data-original=\"500\">500<\/span>\u00a0<span class=\"recipe-ingredient-unit\">g de<\/span><\/span>\u00a0<span class=\"recipe-ingredient-name\">feij\u00e3o encarnado<\/span>\u00a0<span class=\"recipe-ingredient-notes\">cozido<\/span><\/li>\n<li><span class=\"recipe-ingredient-quantity-unit\"><span class=\"recipe-ingredient-quantity\" data-normalized=\"1.2\" data-original=\"1,2\">1,2<\/span>\u00a0<span class=\"recipe-ingredient-unit\">l de<\/span><\/span>\u00a0<span class=\"recipe-ingredient-name\">\u00e1gua fria<\/span><\/li>\n<li><span class=\"recipe-ingredient-quantity-unit\"><span class=\"recipe-ingredient-quantity\" data-normalized=\"300\" data-original=\"300\">300<\/span>\u00a0<span class=\"recipe-ingredient-unit\">g de\u00a0<\/span><\/span><span class=\"recipe-ingredient-name\">couve\u00a0<\/span><\/li>\n<li><span class=\"recipe-ingredient-quantity-unit\"><span class=\"recipe-ingredient-quantity\" data-normalized=\"2\" data-original=\" 2 \">2\u00a0<\/span><span class=\"recipe-ingredient-unit\">c. (de sopa) de<\/span><\/span>\u00a0<span class=\"recipe-ingredient-name\">Azeite<\/span><\/li>\n<li><span class=\"recipe-ingredient-name\">sal<\/span>\u00a0<span class=\"recipe-ingredient-notes\">q.b.<\/span><\/li>\n<\/ul>\n<\/div>\n<div class=\"col-lg-6\">\n<div id=\"doses\">\n<h4>Prepara\u00e7\u00e3o:<\/h4>\n<\/div>\n<ul class=\"recipe-instructions\">\n<li><span class=\"recipe-instruction\">Corte as cebolas, os alhos, as cenouras e as batatas em peda\u00e7os. Coloque-os num tacho com metade do feij\u00e3o e cubra com a \u00e1gua. Tempere com sal e coza, durante 15 minutos.<\/span><\/li>\n<li><span class=\"recipe-instruction\">Retire a sopa do lume e triture-a. Corte a couve em peda\u00e7os e adicione-os \u00e0 sopa . Leve novamente ao lume e deixe cozer, mais dez minutos.<\/span><\/li>\n<li><span class=\"recipe-instruction\">Por fim, acrescente o feij\u00e3o restante e deixe ferver por dois minutos. Retifique os temperos e sirva.<\/span><\/li>\n<\/ul>\n<p>Bom apetite!<\/p>\n<p>Veja mais em <a href=\"https:\/\/www.ateti.pt\/loja\/categoria\/mercearia\/leguminosas\/\">Leguminosas<\/a><\/p>\n<\/div>\n","protected":false},"excerpt":{"rendered":"<p>2.90\u20ac\/kg<\/p>\n","protected":false},"featured_media":57029,"comment_status":"closed","ping_status":"closed","template":"","meta":{"_themeisle_gutenberg_block_has_review":false},"product_brand":[],"product_cat":[199,196,132],"product_tag":[],"woo-feed-brand":[],"class_list":{"0":"post-13177","1":"product","2":"type-product","3":"status-publish","4":"has-post-thumbnail","6":"product_cat-frascos-e-latas","7":"product_cat-leguminosas","8":"product_cat-mercearia","9":"ts_product_brand-compal","11":"first","12":"instock","13":"sale","14":"taxable","15":"shipping-taxable","16":"purchasable","17":"product-type-simple"},"_links":{"self":[{"href":"https:\/\/www.ateti.pt\/loja\/wp-json\/wp\/v2\/product\/13177","targetHints":{"allow":["GET"]}}],"collection":[{"href":"https:\/\/www.ateti.pt\/loja\/wp-json\/wp\/v2\/product"}],"about":[{"href":"https:\/\/www.ateti.pt\/loja\/wp-json\/wp\/v2\/types\/product"}],"replies":[{"embeddable":true,"href":"https:\/\/www.ateti.pt\/loja\/wp-json\/wp\/v2\/comments?post=13177"}],"wp:featuredmedia":[{"embeddable":true,"href":"https:\/\/www.ateti.pt\/loja\/wp-json\/wp\/v2\/media\/57029"}],"wp:attachment":[{"href":"https:\/\/www.ateti.pt\/loja\/wp-json\/wp\/v2\/media?parent=13177"}],"wp:term":[{"taxonomy":"product_brand","embeddable":true,"href":"https:\/\/www.ateti.pt\/loja\/wp-json\/wp\/v2\/product_brand?post=13177"},{"taxonomy":"product_cat","embeddable":true,"href":"https:\/\/www.ateti.pt\/loja\/wp-json\/wp\/v2\/product_cat?post=13177"},{"taxonomy":"product_tag","embeddable":true,"href":"https:\/\/www.ateti.pt\/loja\/wp-json\/wp\/v2\/product_tag?post=13177"},{"taxonomy":"woo-feed-brand","embeddable":true,"href":"https:\/\/www.ateti.pt\/loja\/wp-json\/wp\/v2\/woo-feed-brand?post=13177"}],"curies":[{"name":"wp","href":"https:\/\/api.w.org\/{rel}","templated":true}]}}