{"id":13164,"date":"2021-08-20T16:59:19","date_gmt":"2021-08-20T15:59:19","guid":{"rendered":"https:\/\/www.ateti.pt\/loja\/?post_type=product&#038;p=13164"},"modified":"2026-02-05T12:51:04","modified_gmt":"2026-02-05T12:51:04","slug":"feijao-frade-lata-compal-845gr","status":"publish","type":"product","link":"https:\/\/www.ateti.pt\/loja\/produto\/feijao-frade-lata-compal-845gr\/","title":{"rendered":"Feij\u00e3o Frade Compal 845g"},"content":{"rendered":"<p><strong>Feij\u00e3o Frade Compal<\/strong><\/p>\n<p>Quantidade: 845g<\/p>\n<p><strong>Valores Nutricionais:\u00a0<\/strong>Energia: 427kj\/101kcal: L\u00edpidos: 0.70, dos quais saturados: \u00ab0,50g; Hidratos de Carbono: 15g, dos quais a\u00e7\u00facares: \u00ab0,50g; Fibra: 3,80g; Prote\u00ednas: 6,80g; Sal: 0,96g.<\/p>\n<p>Sugest\u00e3o de receita<\/p>\n<p>Salada de feij\u00e3o frade com atum e ovo<\/p>\n<p><strong>Ingredientes:<\/strong><\/p>\n<section id=\"ingredients\" class=\"ingredients-container document-section border-b border-t border-cookpad-gray-400 bg-cookpad-white\">\n<div class=\"ingredient-list\">\n<ol class=\"list-unstyled text-cookpad-14 xs:text-cookpad-18 divide-y\" dir=\"auto\">\n<li id=\"ingredient_41743189\" class=\"ingredient py-xs border-cookpad-gray-400 border-dashed\">\n<div>250 gr. feij\u00e3o frade Compal<\/div>\n<\/li>\n<li id=\"ingredient_41743377\" class=\"ingredient py-xs border-cookpad-gray-400 border-dashed\">\n<div>1 lata\u00a0atum em conserva<\/div>\n<\/li>\n<li id=\"ingredient_41743378\" class=\"ingredient py-xs border-cookpad-gray-400 border-dashed\">\n<div>1\u00a0cebola pequena<\/div>\n<\/li>\n<li id=\"ingredient_41743384\" class=\"ingredient py-xs border-cookpad-gray-400 border-dashed\">\n<div>q.b\u00a0sal e pimenta<\/div>\n<\/li>\n<li id=\"ingredient_41743385\" class=\"ingredient py-xs border-cookpad-gray-400 border-dashed\">\n<div>a gosto\u00a0coentros ou salsa<\/div>\n<\/li>\n<li id=\"ingredient_41743402\" class=\"ingredient py-xs border-cookpad-gray-400 border-dashed\">\n<div>2\u00a0ovos<\/div>\n<\/li>\n<li id=\"ingredient_41743386\" class=\"ingredient py-xs border-cookpad-gray-400 border-dashed\">q.b\u00a0azeite e vinagre<\/li>\n<\/ol>\n<\/div>\n<\/section>\n<section id=\"steps\" class=\"steps-container document-section bg-cookpad-white\">\n<div class=\"document-title-container\"><strong>Prepara\u00e7\u00e3o:<\/strong><\/div>\n<ol class=\"numbered-list\" dir=\"auto\">\n<li id=\"step_27508515\" class=\"step numbered-list__item\" dir=\"auto\">\n<div class=\"numbered-list__contents\">\n<div class=\"text-cookpad-14 xs:text-cookpad-18\">\n<div dir=\"auto\">\n<p class=\"mb-sm inline\">Ponha o feij\u00e3o de molho de um dia para o outro. No dia seguinte, coza o feij\u00e3o na panela de press\u00e3o, com \u00e1gua suficiente para cobrir o feij\u00e3o. Se quiser pode temperar com um pouco de sal.<\/p>\n<\/div>\n<\/div>\n<\/div>\n<\/li>\n<li id=\"step_27508615\" class=\"step numbered-list__item\" dir=\"auto\">\n<div class=\"numbered-list__contents\">\n<div class=\"text-cookpad-14 xs:text-cookpad-18\">\n<div dir=\"auto\">\n<p class=\"mb-sm inline\">Normalmente eu deixo o feij\u00e3o ficar a cozer, at\u00e9 que o bico da panela comece apitar. Desligo o fog\u00e3o e espere um pouco, at\u00e9 que possa abrir a panela de press\u00e3o.<\/p>\n<\/div>\n<\/div>\n<\/div>\n<\/li>\n<li id=\"step_27508622\" class=\"step numbered-list__item\" dir=\"auto\">\n<div class=\"numbered-list__contents\">\n<div class=\"text-cookpad-14 xs:text-cookpad-18\">\n<div dir=\"auto\">\n<p class=\"mb-sm inline\">Abra a panela, escorra o feij\u00e3o frade e deixe arrefecer. Entretanto coza os ovos. Depois escorra o \u00f3leo do atum e reserve. Quando os ovos estiverem cozidos, corte-os em rodelas.<\/p>\n<\/div>\n<\/div>\n<\/div>\n<\/li>\n<li id=\"step_27508658\" class=\"step numbered-list__item\" dir=\"auto\">\n<div class=\"numbered-list__contents\">\n<div class=\"text-cookpad-14 xs:text-cookpad-18\">\n<div dir=\"auto\">\n<p class=\"mb-sm inline\">Para o vinagrete; pique a cebola finamente, o coentro ou a salsa. Depois tempere com o azeite, vinagre, pimenta e sal a seu gosto. Misture bem, at\u00e9 ficar bem envolvido.<\/p>\n<\/div>\n<\/div>\n<\/div>\n<\/li>\n<li id=\"step_27508673\" class=\"step numbered-list__item\" dir=\"auto\">\n<div class=\"numbered-list__contents\">\n<div class=\"text-cookpad-14 xs:text-cookpad-18\">\n<div dir=\"auto\">\n<p class=\"mb-sm inline\">Numa ta\u00e7a, junte o feij\u00e3o, o atum e o vinagrete que preparou anteriormente e envolva tudo. Passe a salada para uma saladeira ou um prato fundo e reserve no frigor\u00edfico at\u00e9 \u00e0 hora de servir.<\/p>\n<\/div>\n<\/div>\n<\/div>\n<\/li>\n<\/ol>\n<p>Bom apetite!<\/p>\n<p>Veja mais em <a href=\"https:\/\/www.ateti.pt\/loja\/categoria\/mercearia\/leguminosas\/\">Leguminosas<\/a><\/p>\n<\/section>\n","protected":false},"excerpt":{"rendered":"<p>2.36\u20ac\/kg<\/p>\n","protected":false},"featured_media":57044,"comment_status":"closed","ping_status":"closed","template":"","meta":{"_themeisle_gutenberg_block_has_review":false},"product_brand":[],"product_cat":[199,196,132],"product_tag":[],"woo-feed-brand":[],"class_list":{"0":"post-13164","1":"product","2":"type-product","3":"status-publish","4":"has-post-thumbnail","6":"product_cat-frascos-e-latas","7":"product_cat-leguminosas","8":"product_cat-mercearia","9":"ts_product_brand-compal","11":"first","12":"instock","13":"sale","14":"taxable","15":"shipping-taxable","16":"purchasable","17":"product-type-simple"},"_links":{"self":[{"href":"https:\/\/www.ateti.pt\/loja\/wp-json\/wp\/v2\/product\/13164","targetHints":{"allow":["GET"]}}],"collection":[{"href":"https:\/\/www.ateti.pt\/loja\/wp-json\/wp\/v2\/product"}],"about":[{"href":"https:\/\/www.ateti.pt\/loja\/wp-json\/wp\/v2\/types\/product"}],"replies":[{"embeddable":true,"href":"https:\/\/www.ateti.pt\/loja\/wp-json\/wp\/v2\/comments?post=13164"}],"wp:featuredmedia":[{"embeddable":true,"href":"https:\/\/www.ateti.pt\/loja\/wp-json\/wp\/v2\/media\/57044"}],"wp:attachment":[{"href":"https:\/\/www.ateti.pt\/loja\/wp-json\/wp\/v2\/media?parent=13164"}],"wp:term":[{"taxonomy":"product_brand","embeddable":true,"href":"https:\/\/www.ateti.pt\/loja\/wp-json\/wp\/v2\/product_brand?post=13164"},{"taxonomy":"product_cat","embeddable":true,"href":"https:\/\/www.ateti.pt\/loja\/wp-json\/wp\/v2\/product_cat?post=13164"},{"taxonomy":"product_tag","embeddable":true,"href":"https:\/\/www.ateti.pt\/loja\/wp-json\/wp\/v2\/product_tag?post=13164"},{"taxonomy":"woo-feed-brand","embeddable":true,"href":"https:\/\/www.ateti.pt\/loja\/wp-json\/wp\/v2\/woo-feed-brand?post=13164"}],"curies":[{"name":"wp","href":"https:\/\/api.w.org\/{rel}","templated":true}]}}