{"id":13123,"date":"2023-11-08T00:23:11","date_gmt":"2023-11-07T23:23:11","guid":{"rendered":"https:\/\/www.ateti.pt\/loja\/?post_type=product&#038;p=13123"},"modified":"2024-09-24T12:09:22","modified_gmt":"2024-09-24T11:09:22","slug":"nestum-mel-300g-nestle","status":"publish","type":"product","link":"https:\/\/www.ateti.pt\/loja\/produto\/nestum-mel-300g-nestle\/","title":{"rendered":"Nestum Mel 300g Nestl\u00e9"},"content":{"rendered":"<p><strong>Nestum Mel Nestl\u00e9\u00a0<\/strong><\/p>\n<p><strong>Quantidade:<\/strong> 300g<\/p>\n<p><strong>Descri\u00e7\u00e3o:<\/strong><\/p>\n<p>Nestum Mel Nestl\u00e9 300g s\u00e3o cereais para preparar com leite logo pela manh\u00e3, para um pequeno almo\u00e7o muito saboroso.<\/p>\n<p>Nestum Mel \u00e9 uma solu\u00e7\u00e3o nutritiva e saborosa para o pequeno almo\u00e7o de crian\u00e7as e adultos, que alia um delicioso sabor aos benef\u00edcios dos Cereais, oferecendo a energia necess\u00e1ria para enfrentar os desafios do dia-a-dia. Fonte natural de energia, de f\u00e1cil assimila\u00e7\u00e3o e rico em vitaminas e minerais, NESTUM satisfaz e sacia.<br \/>\nNESTUM torna o in\u00edcio do dia de toda a fam\u00edlia muito pr\u00e1tico uma vez que \u00e9 muito simples de preparar, basta juntar leite quente ou frio, mexer bem e est\u00e1 pronto a consumir.<\/p>\n<p>Nestum Mel Nestl\u00e9 300g tamb\u00e9m pode ser preparado com bebidas alternativas ao leite como as bebidas de soja, aveia, am\u00eandoa ou de arroz e ser acompanhado por peda\u00e7os de fruta cozida ou esmagada.<\/p>\n<p>As caracter\u00edsticas nutricionais e o sabor \u00fanico de NESTUM fazem parte do dia-a-dia dos portugueses h\u00e1 mais de 60 anos.<\/p>\n<p><strong>Ingredientes:\u00a0<\/strong>Farinha de\u00a0<strong>trigo\u00a0<\/strong>e\u00a0<strong>trigo\u00a0<\/strong>hidrolisada (78,7%), a\u00e7\u00facar, mel (6%), regulador de acidez (carbonato de c\u00e1lcio), fumarato ferroso, aroma (vanilina), vitaminas (C, tiamina, riboflavina, niacina, B6, \u00e1cido f\u00f3lico, B12, \u00e1cido pantot\u00e9nico).\u00a0 Pode conter\u00a0<strong>leite<\/strong>.<\/p>\n<p>Veja mais em <a href=\"https:\/\/www.ateti.pt\/loja\/categoria\/mercearia\/chocolates-biscoitos-e-cereais\/pequeno-almoco-e-cereais\/\">Pequeno-Almo\u00e7o e Cereais<\/a><\/p>\n<div class=\"col-md-3 ml-auto\">\n<div class=\"ingredientes-wrapper pt-md-5\">\n<div class=\"produto__field-ingredientes\">\n<div class=\"field__items\">\n<div class=\"field__item\">\n<div class=\"paragraph paragraph--type--titulo-paragrafo paragraph--view-mode--default\">\n<div class=\"titulo-paragrafo__field-titulo\">\n<p><strong>Prepara\u00e7\u00e3o:<\/strong><\/p>\n<p><strong>1.<\/strong> Deita\u00a0numa tigela ou num prato fundo 160ml de leite quente ou frio.<\/p>\n<p><strong>2.\u00a0<\/strong>Junta seis colheres de sopa (30g) de cereais com mel e mexe bem. O teu NESTUM est\u00e1 pronto a comer e \u00e9 delicioso!<\/p>\n<p><strong>Como preparar o Nestum Mel Nestl\u00e9 300g?<\/strong>\u00a0NESTUM foi especialmente desenvolvido para preparar com leite mas pode ser preparado com alternativas especiais como bebida de soja, arroz, am\u00eandoa, aveia ou outras.<\/p>\n<\/div>\n<\/div>\n<\/div>\n<div class=\"field__item\">\n<div class=\"paragraph paragraph--type--titulo-paragrafo paragraph--view-mode--default\">\n<div class=\"titulo-paragrafo__field-titulo\">\n<p><strong>Conserva\u00e7\u00e3o: <\/strong>Para preservar a qualidade natural deste alimento, conserva a embalagem bem fechada num lugar fresco e seco.<\/p>\n<p><strong>Declara\u00e7\u00e3o Nutricional:\u00a0<\/strong>Energia: 375kcal; L\u00edpidos: 1,3g, dos quais saturados: 0,2g; Hidratos de Carbono: 80g, dos quais a\u00e7\u00facares:29g; Fibra:5g; Prote\u00ednas:8,2g; Sal: 0,02g.<\/p>\n<p>Veja mais em <a href=\"https:\/\/www.ateti.pt\/loja\/categoria\/bebe-crianca\/\">Beb\u00e9 e Crian\u00e7a<\/a><\/p>\n<\/div>\n<\/div>\n<\/div>\n<\/div>\n<\/div>\n<\/div>\n<\/div>\n","protected":false},"excerpt":{"rendered":"<p>8.97\u20ac\/kg<\/p>\n","protected":false},"featured_media":66855,"comment_status":"closed","ping_status":"closed","template":"","meta":{"_themeisle_gutenberg_block_has_review":false},"product_brand":[],"product_cat":[226,214,144,132,145],"product_tag":[],"woo-feed-brand":[],"class_list":{"0":"post-13123","1":"product","2":"type-product","3":"status-publish","4":"has-post-thumbnail","6":"product_cat-alimentacao","7":"product_cat-bebe-crianca","8":"product_cat-chocolates-biscoitos-e-cereais","9":"product_cat-mercearia","10":"product_cat-pequeno-almoco-e-cereais","11":"ts_product_brand-nestum","13":"first","14":"instock","15":"taxable","16":"shipping-taxable","17":"purchasable","18":"product-type-simple"},"_links":{"self":[{"href":"https:\/\/www.ateti.pt\/loja\/wp-json\/wp\/v2\/product\/13123","targetHints":{"allow":["GET"]}}],"collection":[{"href":"https:\/\/www.ateti.pt\/loja\/wp-json\/wp\/v2\/product"}],"about":[{"href":"https:\/\/www.ateti.pt\/loja\/wp-json\/wp\/v2\/types\/product"}],"replies":[{"embeddable":true,"href":"https:\/\/www.ateti.pt\/loja\/wp-json\/wp\/v2\/comments?post=13123"}],"wp:featuredmedia":[{"embeddable":true,"href":"https:\/\/www.ateti.pt\/loja\/wp-json\/wp\/v2\/media\/66855"}],"wp:attachment":[{"href":"https:\/\/www.ateti.pt\/loja\/wp-json\/wp\/v2\/media?parent=13123"}],"wp:term":[{"taxonomy":"product_brand","embeddable":true,"href":"https:\/\/www.ateti.pt\/loja\/wp-json\/wp\/v2\/product_brand?post=13123"},{"taxonomy":"product_cat","embeddable":true,"href":"https:\/\/www.ateti.pt\/loja\/wp-json\/wp\/v2\/product_cat?post=13123"},{"taxonomy":"product_tag","embeddable":true,"href":"https:\/\/www.ateti.pt\/loja\/wp-json\/wp\/v2\/product_tag?post=13123"},{"taxonomy":"woo-feed-brand","embeddable":true,"href":"https:\/\/www.ateti.pt\/loja\/wp-json\/wp\/v2\/woo-feed-brand?post=13123"}],"curies":[{"name":"wp","href":"https:\/\/api.w.org\/{rel}","templated":true}]}}