{"id":13107,"date":"2020-03-12T22:05:48","date_gmt":"2020-03-12T21:05:48","guid":{"rendered":"https:\/\/www.ateti.pt\/loja\/?post_type=product&#038;p=13107"},"modified":"2024-09-03T10:42:31","modified_gmt":"2024-09-03T09:42:31","slug":"bolacha-tostada-pack4-gullon-800g","status":"publish","type":"product","link":"https:\/\/www.ateti.pt\/loja\/produto\/bolacha-tostada-pack4-gullon-800g\/","title":{"rendered":"Bolacha Tostada Pack4 Gullon 800g"},"content":{"rendered":"<p>Bolacha Tostada Pack4 Gullon 800g<\/p>\n<p>Quantidade: 800g<\/p>\n<p><strong>Descri\u00e7\u00e3o:\u00a0<\/strong>Com as bolachas Tostada Gull\u00f3n, poder\u00e1 desfrutar de todo o sabor das bolachas tradicionais!<\/p>\n<p>Deve armazenar a sua Bolacha Tostada Pack4 Gullon 800g num local fresco e seco. Preservar dos raios solares.<\/p>\n<p>Uma vez aberto, manter nas mesmas condi\u00e7\u00f5es\u00a0 fechar depois de cada uso.<\/p>\n<p>Fonte de fibra.<\/p>\n<p>Gull\u00f3n recomenda-lhe o seguimento de uma alimenta\u00e7\u00e3o variada e equilibrada na esteira de uma estilo de vida saud\u00e1vel.<\/p>\n<p><strong>Ingredientes:<\/strong><\/p>\n<p>Farinha de\u00a0trigo, a\u00e7\u00facar, \u00f3leo vegetal (girassol alto oleico), xarope de glicose e frutose, farinha de\u00a0trigo\u00a0maltada, gaseificantes (carbonato \u00e1cido de s\u00f3dio e carbonato \u00e1cido de am\u00f4nio), sal, emulgente (lecitina de\u00a0soja), antioxidante (metabisulfito\u00a0s\u00f3dico),\u00a0leite\u00a0em p\u00f3 desnatado.<\/p>\n<table>\n<tbody>\n<tr>\n<td colspan=\"2\" width=\"566\">Informa\u00e7\u00e3o nutricional por 100g<\/td>\n<\/tr>\n<tr>\n<td width=\"283\">Valor energ\u00e9tico<\/td>\n<td width=\"283\">1826 kJ \/ 433 kcal<\/td>\n<\/tr>\n<tr>\n<td width=\"283\">Gorduras<\/td>\n<td width=\"283\">10 g<\/td>\n<\/tr>\n<tr>\n<td width=\"283\"><em>das quais<\/em><\/td>\n<td width=\"283\"><\/td>\n<\/tr>\n<tr>\n<td width=\"283\">Saturadas<\/td>\n<td width=\"283\">1,2 g<\/td>\n<\/tr>\n<tr>\n<td width=\"283\">Monoinsaturadas<\/td>\n<td width=\"283\">7,6 g<\/td>\n<\/tr>\n<tr>\n<td width=\"283\">Poliinsaturadas<\/td>\n<td width=\"283\">1,2 g<\/td>\n<\/tr>\n<tr>\n<td width=\"283\">Carboidratos<\/td>\n<td width=\"283\">78 g<\/td>\n<\/tr>\n<tr>\n<td width=\"283\"><em>dos quais<\/em><\/td>\n<td width=\"283\"><\/td>\n<\/tr>\n<tr>\n<td width=\"283\">A\u00e7\u00facares<\/td>\n<td width=\"283\">21 g<\/td>\n<\/tr>\n<tr>\n<td width=\"283\">Fibra alimentar<\/td>\n<td width=\"283\">2,7 g<\/td>\n<\/tr>\n<tr>\n<td width=\"283\">Prote\u00ednas<\/td>\n<td width=\"283\">6,4 g<\/td>\n<\/tr>\n<tr>\n<td width=\"283\">Sal<\/td>\n<td width=\"283\">0,8 g<\/td>\n<\/tr>\n<\/tbody>\n<\/table>\n<p>&nbsp;<\/p>\n<p>Veja mais em\u00a0<a href=\"https:\/\/www.ateti.pt\/loja\/categoria\/ate-ti-negocios\/alimentacao-office\/chocolates-bolachas\/\" target=\"_blank\" rel=\"noopener\">Chocolates e Bolacha<\/a>s na Categoria At\u00e9 Ti Neg\u00f3cios.<\/p>\n<p>Pode ainda encontrar no At\u00e9 Ti produtos com descontos at\u00e9 50% na Categoria\u00a0<a href=\"https:\/\/www.ateti.pt\/loja\/categoria\/outlet-ate-50\/\" target=\"_blank\" rel=\"noopener\">Outlet ate 50%<\/a>.<\/p>\n<p>Fa\u00e7a as suas compras no seu supermercado online At\u00e9 Ti e receba a sua encomenda comodamente em casa, no trabalho ou onde quiser.<\/p>\n","protected":false},"excerpt":{"rendered":"<p>2.61\u20ac\/kg<\/p>\n","protected":false},"featured_media":13108,"comment_status":"closed","ping_status":"closed","template":"","meta":{"_themeisle_gutenberg_block_has_review":false},"product_brand":[],"product_cat":[542,250,134,688,144,132],"product_tag":[],"woo-feed-brand":[],"class_list":{"0":"post-13107","1":"product","2":"type-product","3":"status-publish","4":"has-post-thumbnail","6":"product_cat-alimentacao-office","7":"product_cat-ate-ti-negocios","8":"product_cat-bolachas-biscoitos","9":"product_cat-chocolates-bolachas","10":"product_cat-chocolates-biscoitos-e-cereais","11":"product_cat-mercearia","12":"ts_product_brand-gullon","14":"first","15":"instock","16":"taxable","17":"shipping-taxable","18":"purchasable","19":"product-type-simple"},"_links":{"self":[{"href":"https:\/\/www.ateti.pt\/loja\/wp-json\/wp\/v2\/product\/13107","targetHints":{"allow":["GET"]}}],"collection":[{"href":"https:\/\/www.ateti.pt\/loja\/wp-json\/wp\/v2\/product"}],"about":[{"href":"https:\/\/www.ateti.pt\/loja\/wp-json\/wp\/v2\/types\/product"}],"replies":[{"embeddable":true,"href":"https:\/\/www.ateti.pt\/loja\/wp-json\/wp\/v2\/comments?post=13107"}],"wp:featuredmedia":[{"embeddable":true,"href":"https:\/\/www.ateti.pt\/loja\/wp-json\/wp\/v2\/media\/13108"}],"wp:attachment":[{"href":"https:\/\/www.ateti.pt\/loja\/wp-json\/wp\/v2\/media?parent=13107"}],"wp:term":[{"taxonomy":"product_brand","embeddable":true,"href":"https:\/\/www.ateti.pt\/loja\/wp-json\/wp\/v2\/product_brand?post=13107"},{"taxonomy":"product_cat","embeddable":true,"href":"https:\/\/www.ateti.pt\/loja\/wp-json\/wp\/v2\/product_cat?post=13107"},{"taxonomy":"product_tag","embeddable":true,"href":"https:\/\/www.ateti.pt\/loja\/wp-json\/wp\/v2\/product_tag?post=13107"},{"taxonomy":"woo-feed-brand","embeddable":true,"href":"https:\/\/www.ateti.pt\/loja\/wp-json\/wp\/v2\/woo-feed-brand?post=13107"}],"curies":[{"name":"wp","href":"https:\/\/api.w.org\/{rel}","templated":true}]}}