{"id":12772,"date":"2025-12-07T06:22:16","date_gmt":"2025-12-07T06:22:16","guid":{"rendered":"https:\/\/www.ateti.pt\/loja\/?post_type=product&#038;p=12772"},"modified":"2026-02-18T18:56:10","modified_gmt":"2026-02-18T18:56:10","slug":"cappuccino-dolce-gusto","status":"publish","type":"product","link":"https:\/\/www.ateti.pt\/loja\/produto\/cappuccino-dolce-gusto\/","title":{"rendered":"Cappuccino Dolce Gusto 16 C\u00e1psulas Bonini (04-03-2026)"},"content":{"rendered":"<p><strong>Cappuccino Dolce Gusto Bonini<\/strong><\/p>\n<p><strong>Quantidade:<\/strong> 16 c\u00e1psulas<\/p>\n<p>Uma mistura enriquecida com uma leve espuma de leite. Uma bebida cremosa e gourmet, \u00e9 o sabor perfeito para come\u00e7ar o dia da melhor maneira.<\/p>\n<p><strong>Ingredientes:\u00a0<\/strong>Leite em p\u00f3 desnatado, creme em p\u00f3, a\u00e7\u00facar, estabilizador E340II, fluxo livre E551, caf\u00e9 torrado e mo\u00eddo. Pode conter tra\u00e7os de soja.<\/p>\n<p><strong>Valores nutricionais por 240ml: <\/strong>Energia:304kj\/73kcal; L\u00edpidos: 3.30g, dos quais saturados: 2.10g; Hidratos de Carbono: 7.50g, dos quais a\u00e7\u00facares: 6.80g; Prote\u00edna: 3.10g; Sal: 0.04g.<\/p>\n<p><strong>Conserva\u00e7\u00e3o:\u00a0<\/strong>Armazenar em local seco \u00e0 temperatura ambiente.<\/p>\n<p>Veja mais em <a href=\"https:\/\/www.ateti.pt\/loja\/categoria\/cafe-em-capsula\/capsulas-dolce-gusto\/\">Dolce Gusto<\/a><\/p>\n","protected":false},"excerpt":{"rendered":"<p>0,29\/unid<\/p>\n","protected":false},"featured_media":33664,"comment_status":"closed","ping_status":"closed","template":"","meta":{"_themeisle_gutenberg_block_has_review":false},"product_brand":[],"product_cat":[117,18,137,787,265],"product_tag":[],"woo-feed-brand":[],"class_list":{"0":"post-12772","1":"product","2":"type-product","3":"status-publish","4":"has-post-thumbnail","6":"product_cat-cafe-em-capsula","7":"product_cat-capsulas-dolce-gusto","8":"product_cat-especialidades-dolcegusto","9":"product_cat-promocao-bonini","10":"product_cat-promocoes-outlet-ate-50-desconto-supermercado-online-ate-ti","11":"ts_product_brand-bonini","13":"first","14":"outofstock","15":"sale","16":"taxable","17":"shipping-taxable","18":"purchasable","19":"product-type-simple"},"_links":{"self":[{"href":"https:\/\/www.ateti.pt\/loja\/wp-json\/wp\/v2\/product\/12772","targetHints":{"allow":["GET"]}}],"collection":[{"href":"https:\/\/www.ateti.pt\/loja\/wp-json\/wp\/v2\/product"}],"about":[{"href":"https:\/\/www.ateti.pt\/loja\/wp-json\/wp\/v2\/types\/product"}],"replies":[{"embeddable":true,"href":"https:\/\/www.ateti.pt\/loja\/wp-json\/wp\/v2\/comments?post=12772"}],"wp:featuredmedia":[{"embeddable":true,"href":"https:\/\/www.ateti.pt\/loja\/wp-json\/wp\/v2\/media\/33664"}],"wp:attachment":[{"href":"https:\/\/www.ateti.pt\/loja\/wp-json\/wp\/v2\/media?parent=12772"}],"wp:term":[{"taxonomy":"product_brand","embeddable":true,"href":"https:\/\/www.ateti.pt\/loja\/wp-json\/wp\/v2\/product_brand?post=12772"},{"taxonomy":"product_cat","embeddable":true,"href":"https:\/\/www.ateti.pt\/loja\/wp-json\/wp\/v2\/product_cat?post=12772"},{"taxonomy":"product_tag","embeddable":true,"href":"https:\/\/www.ateti.pt\/loja\/wp-json\/wp\/v2\/product_tag?post=12772"},{"taxonomy":"woo-feed-brand","embeddable":true,"href":"https:\/\/www.ateti.pt\/loja\/wp-json\/wp\/v2\/woo-feed-brand?post=12772"}],"curies":[{"name":"wp","href":"https:\/\/api.w.org\/{rel}","templated":true}]}}