{"id":47267,"date":"2023-01-09T22:37:10","date_gmt":"2023-01-09T21:37:10","guid":{"rendered":"https:\/\/www.ateti.pt\/loja\/?page_id=47267"},"modified":"2023-11-09T11:40:31","modified_gmt":"2023-11-09T10:40:31","slug":"folheto","status":"publish","type":"page","link":"https:\/\/www.ateti.pt\/loja\/folheto\/","title":{"rendered":"Folhetos"},"content":{"rendered":"<section class=\"wpb-content-wrapper\"><p>[vc_row][vc_column width=&#8221;1\/2&#8243;][vc_single_image image=&#8221;58432&#8243; img_size=&#8221;full&#8221; add_caption=&#8221;yes&#8221; alignment=&#8221;center&#8221; style=&#8221;vc_box_rounded&#8221; onclick=&#8221;link_image&#8221; css_animation=&#8221;fadeIn&#8221; css=&#8221;.vc_custom_1699526424862{padding-bottom: 20px !important;}&#8221; title=&#8221;Folheto de Natal&#8221;][\/vc_column][vc_column width=&#8221;1\/2&#8243;][\/vc_column][\/vc_row][vc_row][vc_column width=&#8221;1\/2&#8243;][\/vc_column][vc_column width=&#8221;1\/2&#8243;][\/vc_column][\/vc_row][vc_row][vc_column css=&#8221;.vc_custom_1676414531072{margin-top: 25px !important;}&#8221;]\t<div class=\"ts-banner style-1 text-left ts-banner-1 background-scale left-top \">\n\t\t<div class=\"ts-shortcode-custom-style hidden\">.ts-banner-1 .banner-wrapper{\n\t\t\t\tbackground-color: #000000;\n\t\t\t}.ts-banner-1 header h3{\n\t\t\t  color:#1f1f1f;\n\t\t\t  }.ts-banner-1 header .description{\n\t\t\t  color:#8b8b8b;\n\t\t\t  }<\/div>\t\t<div class=\"banner-wrapper\">\n\t\t\n\t\t\t\t\t\t\n\t\t\t<div class=\"ts-banner-wrapper\">\n\t\t\t\t<div class=\"banner-bg\">\n\t\t\t\t\t\t\t\t<\/div>\n\t\t\t\t\n\t\t\t\t<header>\n\t\t\t\t\n\t\t\t\t\t\t\t\t\t\t\n\t\t\t\t\t\t\t\t\t\t\n\t\t\t\t\t\t\t\t\t\t\n\t\t\t\t<\/header>\n\t\t\t<\/div>\n\t\t<\/div>\n\t<\/div>\n\t[\/vc_column][\/vc_row][vc_row][vc_column][vc_column_text]<\/p>\n<p style=\"text-align: center;\">Tudo aos melhores pre\u00e7os!<\/p>\n<p style=\"text-align: center;\">Caf\u00e9, mercearia, produtos de limpeza, produtos de higiene e muito mais no Supermercado Online At\u00e9 ti<\/p>\n<p style=\"text-align: center;\">N\u00e3o percas os folhetos com as melhores promo\u00e7\u00f5es do m\u00eas em vigor, Onde Estiveres<\/p>\n<p>[\/vc_column_text][\/vc_column][\/vc_row][vc_row][vc_column][\/vc_column][\/vc_row]<\/p>\n<\/section>","protected":false},"excerpt":{"rendered":"<p>[vc_row][vc_column width=&#8221;1\/2&#8243;][vc_single_image image=&#8221;58432&#8243; img_size=&#8221;full&#8221; add_caption=&#8221;yes&#8221; alignment=&#8221;center&#8221; style=&#8221;vc_box_rounded&#8221; onclick=&#8221;link_image&#8221; css_animation=&#8221;fadeIn&#8221; css=&#8221;.vc_custom_1699526424862{padding-bottom: 20px !important;}&#8221; title=&#8221;Folheto de Natal&#8221;][\/vc_column][vc_column width=&#8221;1\/2&#8243;][\/vc_column][\/vc_row][vc_row][vc_column width=&#8221;1\/2&#8243;][\/vc_column][vc_column width=&#8221;1\/2&#8243;][\/vc_column][\/vc_row][vc_row][vc_column css=&#8221;.vc_custom_1676414531072{margin-top: 25px !important;}&#8221;][\/vc_column][\/vc_row][vc_row][vc_column][vc_column_text] Tudo aos melhores pre\u00e7os! Caf\u00e9, mercearia, produtos de limpeza, produtos de higiene e muito mais no Supermercado Online At\u00e9 ti N\u00e3o percas os folhetos com as melhores promo\u00e7\u00f5es do m\u00eas em vigor, Onde Estiveres [\/vc_column_text][\/vc_column][\/vc_row][vc_row][vc_column][\/vc_column][\/vc_row]<\/p>\n","protected":false},"author":3,"featured_media":0,"parent":0,"menu_order":0,"comment_status":"closed","ping_status":"closed","template":"","meta":{"_themeisle_gutenberg_block_has_review":false,"footnotes":""},"class_list":["post-47267","page","type-page","status-publish","hentry"],"_links":{"self":[{"href":"https:\/\/www.ateti.pt\/loja\/wp-json\/wp\/v2\/pages\/47267","targetHints":{"allow":["GET"]}}],"collection":[{"href":"https:\/\/www.ateti.pt\/loja\/wp-json\/wp\/v2\/pages"}],"about":[{"href":"https:\/\/www.ateti.pt\/loja\/wp-json\/wp\/v2\/types\/page"}],"author":[{"embeddable":true,"href":"https:\/\/www.ateti.pt\/loja\/wp-json\/wp\/v2\/users\/3"}],"replies":[{"embeddable":true,"href":"https:\/\/www.ateti.pt\/loja\/wp-json\/wp\/v2\/comments?post=47267"}],"version-history":[{"count":106,"href":"https:\/\/www.ateti.pt\/loja\/wp-json\/wp\/v2\/pages\/47267\/revisions"}],"predecessor-version":[{"id":58433,"href":"https:\/\/www.ateti.pt\/loja\/wp-json\/wp\/v2\/pages\/47267\/revisions\/58433"}],"wp:attachment":[{"href":"https:\/\/www.ateti.pt\/loja\/wp-json\/wp\/v2\/media?parent=47267"}],"curies":[{"name":"wp","href":"https:\/\/api.w.org\/{rel}","templated":true}]}}