{"id":13053,"date":"2020-03-10T16:33:58","date_gmt":"2020-03-10T16:33:58","guid":{"rendered":"https:\/\/www.ateti.pt\/loja\/?page_id=13053"},"modified":"2025-05-27T16:23:59","modified_gmt":"2025-05-27T15:23:59","slug":"informacao-de-entrega","status":"publish","type":"page","link":"https:\/\/www.ateti.pt\/loja\/informacao-de-entrega\/","title":{"rendered":"Informa\u00e7\u00e3o de Entrega"},"content":{"rendered":"\n<p><strong>Informa\u00e7\u00e3o de Entrega<\/strong><\/p>\n\n\n\n<p>A Dalifal, Lda. s\u00f3 aceita encomendas com entregas em Portugal.<\/p>\n\n\n\n<p>Os portes de envio t\u00eam um custo de 5,00\u20ac*, sendo gratuitos para encomendas superiores a 80\u20ac (at\u00e9 peso de 30kg).<\/p>\n\n\n\n<p>*Nas regi\u00f5es aut\u00f3nomas da Madeira e dos A\u00e7ores os portes s\u00e3o calculados casuisticamente e de acordo com a encomenda do cliente.<\/p>\n\n\n\n<p><br>O sistema assume, automaticamente, para este fim a morada indicada no Registo nos Dados de Envio. Para editar a morada de entrega ter\u00e1 de alterar a morada indicada no Registo.<\/p>\n\n\n\n<p><br>As encomendas s\u00e3o processadas e entregues com base num sistema de entregas r\u00e1pidas, que leva a encomenda at\u00e9 si num per\u00edodo m\u00e1ximo de 24\/48 horas (de dias \u00fateis) em Portugal Continental. Nas  regi\u00f5es aut\u00f3nomas da Madeira e dos A\u00e7ores o prazo de entrega \u00e9 de 7 a 15 dias \u00fateis. O prazo de entrega atr\u00e1s mencionado come\u00e7a a partir do momento em que recebe via e-mail uma notifica\u00e7\u00e3o em como a sua encomenda foi submetida com sucesso. &nbsp; <\/p>\n\n\n\n<p>Poder\u00e1 consultar o estado da sua encomenda na&nbsp;<a href=\"https:\/\/www.ateti.pt\/loja\/minha-conta\/orders\/\">\u00c1rea de Cliente&nbsp;<\/a>, no hsit\u00f3rico de encomendas ou no e-mail de confirma\u00e7\u00e3o da encomenda. <\/p>\n","protected":false},"excerpt":{"rendered":"<p>Informa\u00e7\u00e3o de Entrega A Dalifal, Lda. s\u00f3 aceita encomendas com entregas em Portugal. Os portes de envio t\u00eam um custo de 5,00\u20ac*, sendo gratuitos para encomendas superiores a 80\u20ac (at\u00e9 peso de 30kg). *Nas regi\u00f5es aut\u00f3nomas da Madeira e dos A\u00e7ores os portes s\u00e3o calculados casuisticamente e de acordo com a encomenda do cliente. O sistema assume, automaticamente, para este fim a morada indicada no Registo nos Dados de Envio. Para editar a morada de [&hellip;]<\/p>\n","protected":false},"author":2,"featured_media":0,"parent":0,"menu_order":0,"comment_status":"closed","ping_status":"closed","template":"","meta":{"_themeisle_gutenberg_block_has_review":false,"footnotes":""},"class_list":["post-13053","page","type-page","status-publish","hentry"],"_links":{"self":[{"href":"https:\/\/www.ateti.pt\/loja\/wp-json\/wp\/v2\/pages\/13053","targetHints":{"allow":["GET"]}}],"collection":[{"href":"https:\/\/www.ateti.pt\/loja\/wp-json\/wp\/v2\/pages"}],"about":[{"href":"https:\/\/www.ateti.pt\/loja\/wp-json\/wp\/v2\/types\/page"}],"author":[{"embeddable":true,"href":"https:\/\/www.ateti.pt\/loja\/wp-json\/wp\/v2\/users\/2"}],"replies":[{"embeddable":true,"href":"https:\/\/www.ateti.pt\/loja\/wp-json\/wp\/v2\/comments?post=13053"}],"version-history":[{"count":10,"href":"https:\/\/www.ateti.pt\/loja\/wp-json\/wp\/v2\/pages\/13053\/revisions"}],"predecessor-version":[{"id":72775,"href":"https:\/\/www.ateti.pt\/loja\/wp-json\/wp\/v2\/pages\/13053\/revisions\/72775"}],"wp:attachment":[{"href":"https:\/\/www.ateti.pt\/loja\/wp-json\/wp\/v2\/media?parent=13053"}],"curies":[{"name":"wp","href":"https:\/\/api.w.org\/{rel}","templated":true}]}}