{"id":13049,"date":"2020-03-10T16:32:05","date_gmt":"2020-03-10T16:32:05","guid":{"rendered":"https:\/\/www.ateti.pt\/loja\/?page_id=13049"},"modified":"2021-08-04T15:18:29","modified_gmt":"2021-08-04T14:18:29","slug":"passatempos-e-eventos","status":"publish","type":"page","link":"https:\/\/www.ateti.pt\/loja\/passatempos-e-eventos\/","title":{"rendered":"Amigo Traz Amigo"},"content":{"rendered":"\n<p><strong>AMIGO TRAZ AMIGO<\/strong> <\/p>\n\n\n\n<p>O que tenho de fazer para usufruir da campanha Amigo traz Amigo?<\/p>\n\n\n\n<p> 1.&nbsp;&nbsp;&nbsp;&nbsp;&nbsp;&nbsp;&nbsp;&nbsp; Partilha o link, que aparece na tua \u00e1rea de cliente, com os teus amigos.<\/p>\n\n\n\n<p>Podes partilh\u00e1-lo atrav\u00e9s do WhatsApp, Facebook, Instagram, e-mail ou qualquer outra maneira que te seja mais conveniente.<\/p>\n\n\n\n<p>2.&nbsp;&nbsp;&nbsp;&nbsp;&nbsp;&nbsp;&nbsp;&nbsp;Como \u00e9 que recebo o cup\u00e3o de 10% de desconto?<\/p>\n\n\n\n<p>\u2022&nbsp;&nbsp;&nbsp;&nbsp;&nbsp;&nbsp;&nbsp;&nbsp;Depois de eles efetuarem uma compra, atrav\u00e9s desse mesmo link, receber\u00e1s um c\u00f3digo no teu e-mail para obteres 10% de desconto na tua encomenda.<\/p>\n\n\n\n<p>3.&nbsp;&nbsp;&nbsp;&nbsp;&nbsp;&nbsp;&nbsp;&nbsp;Posso usar v\u00e1rios c\u00f3digos numa s\u00f3 encomenda?<\/p>\n\n\n\n<p>\u2022&nbsp;&nbsp;&nbsp;&nbsp;&nbsp;&nbsp;&nbsp;&nbsp;Aten\u00e7\u00e3o! S\u00f3 pode ser usado um c\u00f3digo por encomenda, os cup\u00f5es n\u00e3o s\u00e3o acumul\u00e1veis.<\/p>\n\n\n\n<p>Oferta v\u00e1lida at\u00e9 31\/12\/2021.<\/p>\n\n\n\n<p>O At\u00e9 Ti reserva o direito de cancelar ou modificar a oferta a qualquer momento. A oferta n\u00e3o \u00e9 transmiss\u00edvel.<\/p>\n\n\n\n<p>Acompanhe as redes sociais<a href=\"https:\/\/www.facebook.com\/Ateti.pt\" target=\"_blank\" rel=\"noreferrer noopener\"> Facebook<\/a> e <a href=\"https:\/\/www.instagram.com\/ate.ti\/\" target=\"_blank\" rel=\"noreferrer noopener\">Instagram<\/a> para estar sempre atualizado com as novidades At\u00e9 Ti.<\/p>\n","protected":false},"excerpt":{"rendered":"<p>AMIGO TRAZ AMIGO O que tenho de fazer para usufruir da campanha Amigo traz Amigo? 1.&nbsp;&nbsp;&nbsp;&nbsp;&nbsp;&nbsp;&nbsp;&nbsp; Partilha o link, que aparece na tua \u00e1rea de cliente, com os teus amigos. Podes partilh\u00e1-lo atrav\u00e9s do WhatsApp, Facebook, Instagram, e-mail ou qualquer outra maneira que te seja mais conveniente. 2.&nbsp;&nbsp;&nbsp;&nbsp;&nbsp;&nbsp;&nbsp;&nbsp;Como \u00e9 que recebo o cup\u00e3o de 10% de desconto? \u2022&nbsp;&nbsp;&nbsp;&nbsp;&nbsp;&nbsp;&nbsp;&nbsp;Depois de eles efetuarem uma compra, atrav\u00e9s desse mesmo link, receber\u00e1s um c\u00f3digo no teu e-mail para obteres [&hellip;]<\/p>\n","protected":false},"author":2,"featured_media":0,"parent":0,"menu_order":0,"comment_status":"closed","ping_status":"closed","template":"","meta":{"_themeisle_gutenberg_block_has_review":false,"footnotes":""},"class_list":["post-13049","page","type-page","status-publish","hentry"],"_links":{"self":[{"href":"https:\/\/www.ateti.pt\/loja\/wp-json\/wp\/v2\/pages\/13049","targetHints":{"allow":["GET"]}}],"collection":[{"href":"https:\/\/www.ateti.pt\/loja\/wp-json\/wp\/v2\/pages"}],"about":[{"href":"https:\/\/www.ateti.pt\/loja\/wp-json\/wp\/v2\/types\/page"}],"author":[{"embeddable":true,"href":"https:\/\/www.ateti.pt\/loja\/wp-json\/wp\/v2\/users\/2"}],"replies":[{"embeddable":true,"href":"https:\/\/www.ateti.pt\/loja\/wp-json\/wp\/v2\/comments?post=13049"}],"version-history":[{"count":3,"href":"https:\/\/www.ateti.pt\/loja\/wp-json\/wp\/v2\/pages\/13049\/revisions"}],"predecessor-version":[{"id":13052,"href":"https:\/\/www.ateti.pt\/loja\/wp-json\/wp\/v2\/pages\/13049\/revisions\/13052"}],"wp:attachment":[{"href":"https:\/\/www.ateti.pt\/loja\/wp-json\/wp\/v2\/media?parent=13049"}],"curies":[{"name":"wp","href":"https:\/\/api.w.org\/{rel}","templated":true}]}}