{"id":12437,"date":"2020-01-21T11:41:18","date_gmt":"2020-01-21T11:41:18","guid":{"rendered":"https:\/\/www.ateti.pt\/loja\/?page_id=12437"},"modified":"2024-01-31T10:59:52","modified_gmt":"2024-01-31T09:59:52","slug":"termos-e-condicoes","status":"publish","type":"page","link":"https:\/\/www.ateti.pt\/loja\/termos-e-condicoes\/","title":{"rendered":"Termos e Condi\u00e7\u00f5es"},"content":{"rendered":"<p>A Dalifal, Lda., NIF 501 733 990, est\u00e1 comprometida em manter os n\u00edveis de seguran\u00e7a e confian\u00e7a para com os seus utilizadores. Os presentes Termos e Condi\u00e7\u00f5es aplicam-se a todos os utilizadores e navegadores da loja online.<br \/>\nAgradecemos que leia atentamente os Termos e Condi\u00e7\u00f5es antes de utilizar o site da Ateti.pt. Ao aceder \u00e0 nossa loja online, o utilizador concorda com os presentes Termos e Condi\u00e7\u00f5es, declarando que \u00e9 maior de idade no seu pa\u00eds e\/ou que d\u00e1 \u00e0 Dalifal, Lda. o consentimento para autorizar os seus dependentes menores a utilizar o site.<br \/>\nA Dalifal, Lda. reserva o direito de atualizar, alterar ou substituir qualquer parte dos presentes Termos e Condi\u00e7\u00f5es, sendo da responsabilidade do utilizador a consulta desta p\u00e1gina com regularidade, por forma a verificar quaisquer altera\u00e7\u00f5es.<br \/>\nAo realizar uma encomenda atrav\u00e9s da nossa loja online est\u00e1 a aceitar os presentes Termos e Condi\u00e7\u00f5es. Por favor leia com aten\u00e7\u00e3o os Termos e Condi\u00e7\u00f5es antes de efetuar a sua encomenda. Caso n\u00e3o esteja de acordo com os presentes termos, n\u00e3o poder\u00e1 efetuar qualquer tipo de encomenda a partir da loja online da Dalifal, Lda.<\/p>\n<p><b>TERMOS E CONDI\u00c7\u00d5ES DE UTILIZA\u00c7\u00c3O<\/b><\/p>\n<p><strong>TERMOS DA UTILIZA\u00c7\u00c3O<\/strong><br \/>\nO uso da loja online e dos conte\u00fados publicados n\u00e3o devem ser ofensivos ou contr\u00e1rios \u00e0 lei. A Dalifal, Lda. informa que o utilizador n\u00e3o pode usar os seus produtos para qualquer finalidade ilegal ou n\u00e3o autorizada. Durante o uso do site, o utilizador n\u00e3o pode violar qualquer lei da sua jurisdi\u00e7\u00e3o, nem transmitir quaisquer v\u00edrus que possa prejudicar a integridade da p\u00e1gina eletr\u00f3nica.<\/p>\n<p><strong>PROTE\u00c7\u00c3O DE INFORMA\u00c7\u00c3O<\/strong><br \/>\nA nossa Pol\u00edtica de Privacidade aplica-se a quaisquer dados e informa\u00e7\u00f5es pessoais submetidas pelo utilizador atrav\u00e9s da loja online. Consulte a Pol\u00edtica de Privacidade da Dalifal, Lda. <a href=\"https:\/\/www.ateti.pt\/loja\/politica-de-privacidade\/\">aqui<\/a>.<\/p>\n<p><strong>COMENT\u00c1RIOS DO UTILIZADOR<\/strong><\/p>\n<p>O utilizador concorda que o conte\u00fado submetido nos coment\u00e1rios n\u00e3o \u00e9 confidencial, concedendo \u00e0 Dalifal, Lda. permiss\u00e3o para, sem restri\u00e7\u00f5es, copiar, divulgar, reproduzir, transmitir, publicar, traduzir e adaptar o conte\u00fado fornecido. A Dalifal, Lda. pode utilizar o conte\u00fado para promo\u00e7\u00e3o, publicidade e outros fins, n\u00e3o tendo obriga\u00e7\u00e3o de manter a confidencialidade de qualquer coment\u00e1rio ou pagar indemniza\u00e7\u00e3o ou retribui\u00e7\u00e3o por tal uso.<br \/>\nA Dalifal, Lda. tem o direito, mas n\u00e3o a obriga\u00e7\u00e3o, de controlar, editar ou remover conte\u00fados submetidos que considere ilegais, ofensivos, amea\u00e7adores, caluniosos, difamat\u00f3rios, pornogr\u00e1ficos, obscenos ou censur\u00e1veis. O utilizador n\u00e3o pode colocar qualquer frase difamat\u00f3ria que promova o \u00f3dio ou incite \u00e0 viol\u00eancia ou desordem ou coment\u00e1rio que viole quaisquer direitos de terceiros (incluindo direitos de autor, de marcas registadas, de privacidade, pessoais ou qualquer outro direito pessoal ou de propriedade).<\/p>\n<p><strong>RESPONSABILIDADE<\/strong><\/p>\n<p>A Dalifal, Lda. faz um esfor\u00e7o para garantir a precis\u00e3o de informa\u00e7\u00f5es na loja online Ateti.pt. Excecionalmente, poder\u00e3o existir informa\u00e7\u00f5es no site que contenham erros tipogr\u00e1ficos, incorre\u00e7\u00f5es ou omiss\u00f5es na descri\u00e7\u00e3o de produtos, pre\u00e7os, promo\u00e7\u00f5es, ofertas e disponibilidade. A qualquer momento e sem aviso pr\u00e9vio, reservamo-nos o direito de alterar ou atualizar as informa\u00e7\u00f5es, n\u00e3o assumindo qualquer obriga\u00e7\u00e3o de atualizar, corrigir ou esclarecer informa\u00e7\u00f5es presentes na loja online, exceto na medida do exigido por lei.<\/p>\n<p><strong>ALTERA\u00c7\u00d5ES<\/strong><\/p>\n<p>A Dalifal, Lda. reserva o direito de, a qualquer momento, modificar ou descontinuar produtos e alterar os pre\u00e7os dos mesmos, sem aviso pr\u00e9vio. N\u00e3o somos respons\u00e1veis perante si ou qualquer terceiro por qualquer modifica\u00e7\u00e3o, altera\u00e7\u00e3o de pre\u00e7o ou suspens\u00e3o no nosso servi\u00e7o.<\/p>\n<p><strong>CONTACTOS<\/strong><\/p>\n<p>Este site pertence \u00e0 Dalifal, Lda., sendo gerido pela mesma &#8211; Dalifal &#8211; Distribui\u00e7\u00e3o de Produtos Alimentares, Lda (Estrada Nacional 111, 3025-496 S\u00e3o Martinho de \u00c1rvore).<br \/>\nSe tiver qualquer quest\u00e3o ou coment\u00e1rio sobre o nosso site, n\u00e3o hesite em contactar-nos via e-mail para o endere\u00e7o eletr\u00f3nico info@ateti.pt, via telefone para 808 201 679 (segunda a sexta-feira, 9:00\/13: 00 e 14:30\/18:30, exceto feriados) ou via correio para a morada anteriormente referida.<\/p>\n<p><b>TERMOS E CONDI\u00c7\u00d5ES DE VENDA<\/b><\/p>\n<p><strong>ENCOMENDA<\/strong><\/p>\n<p>A encomenda que efetuar na loja online n\u00e3o constitui um contrato vinculativo, at\u00e9 \u00e0 recep\u00e7\u00e3o de um e-mail de confirma\u00e7\u00e3o de encomenda pela Ateti.pt.<br \/>\nNo ato da rece\u00e7\u00e3o da sua encomenda dever\u00e1 assinar a guia de entrega. Com a assinatura da guia de entrega declara, para os devidos efeitos, que est\u00e1 a prestar o seu consentimento por escrito relativamente \u00e0 sua encomenda. Ao ser entregue, o artigo passa a ser da responsabilidade de quem o recebeu. A Dalifal, Lda. reserva-se o direito de cancelar encomendas, nas seguintes situa\u00e7\u00f5es: imprecis\u00e3o das informa\u00e7\u00f5es submetidas, suspeita de fraude ou situa\u00e7\u00f5es de manifesta incapacidade obten\u00e7\u00e3o de cr\u00e9dito (inclusive ap\u00f3s ter submetido a sua encomenda).<\/p>\n<p><strong>A ter em conta antes de fazer a sua encomenda:<\/strong><\/p>\n<ul>\n<li>Os produtos das categorias e sub-categorias Refrigerados , Congelados e Frutas&amp;Legumes s\u00f3 t\u00eam entrega para os seguintes concelhos: Cantanhede; Coimbra; Condeixa-a-Nova; Figueira da Foz; G\u00f3is; Lous\u00e3; Miranda do Corvo; Montemor-o-Velho; Penacova; Penela; Soure; Vila Nova de Poiares, no dia a indicar de acordo com as rotas da nossa distribui\u00e7\u00e3o.<\/li>\n<li>As encomendas de produtos l\u00edquidos de 1L ou superior est\u00e3o limitadas a 6 unidades.<\/li>\n<li>As encomendas de produtos s\u00f3lidos de 1Kg ou superior est\u00e3o limitadas a 6 unidades.<\/li>\n<li>A Dalifal, Lda reserva-se ao direito de cobrar custos de transporte para encomendas de peso superior a 30kg.<\/li>\n<li>Caso ocorra alguma situa\u00e7\u00e3o imprevista de rotura de stock ap\u00f3s a encomenda, entraremos em contacto consigo o mais rapidamente poss\u00edvel.<\/li>\n<\/ul>\n<p><strong>PRE\u00c7O<\/strong><\/p>\n<p>Todos os pre\u00e7os dos produtos dispon\u00edveis no nosso site incluem IVA \u00e0 taxa legal em vigor. Os pre\u00e7os est\u00e3o indicados em Euros.<\/p>\n<p><strong>M\u00c9TODOS DE PAGAMENTO<\/strong><\/p>\n<p>Os pagamentos podem ser efetuados atrav\u00e9s dos seguintes m\u00e9todos: Multibanco, MB Way e Cart\u00e3o Visa\/Mastercard.<br \/>\nOs dados introduzidos na janela de pagamento s\u00e3o enviados por protocolo encriptado para os bancos parceiros, que asseguram a opera\u00e7\u00e3o de pagamento \u00e0 dist\u00e2ncia, n\u00e3o havendo acesso desta informa\u00e7\u00e3o a qualquer parte terceira.<br \/>\nPoder\u00e1 escolher a op\u00e7\u00e3o mais conveniente para si, sem qualquer altera\u00e7\u00e3o de pre\u00e7o.\u00a0 A sua encomenda s\u00f3 ser\u00e1 processada ap\u00f3s boa cobran\u00e7a.<\/p>\n<p><strong>ENTREGA<\/strong><\/p>\n<p>A Dalifal, Lda. s\u00f3 aceita encomendas com entregas em Portugal.<br \/>\nOs portes de envio t\u00eam um custo de 5,00\u20ac*, sendo gratuitos para encomendas iguais ou superiores a 80\u20ac.<br \/>\n*<em>Os regi\u00f5es aut\u00f3nomas da Madeira e dos A\u00e7ores s\u00e3o calculados casuisticamente e de acordo com a encomenda do cliente.<\/em><\/p>\n<p>O sistema assume, automaticamente, para este fim a morada indicada no Registo nos Dados de Envio. Para editar a morada de entrega ter\u00e1 de alterar a morada indicada no Registo.<br \/>\nAs encomendas s\u00e3o processadas e entregues com base num sistema de entregas r\u00e1pidas, que leva a encomenda at\u00e9 si num per\u00edodo m\u00e1ximo de 24\/48 horas (de dias \u00fateis). O prazo de entrega atr\u00e1s mencionado come\u00e7a a partir do momento em que recebe via e-mail uma notifica\u00e7\u00e3o em como a sua encomenda foi submetida com sucesso.<\/p>\n<p>Todas as encomendas que incluam produtos das categorias, Frutas &amp; Legumes, Frutas Frescas e Legumes Frescos s\u00e3o expedidos \u00e0s ter\u00e7as, quartas e quintas-feiras, por forma assegurar que os produto n\u00e3o est\u00e3o em tr\u00e2nsito mais de 24h em dias \u00fateis. Sempre que n\u00e3o possamos garantir a entrega destes produtos, a mesma ser\u00e1 feita no dia mais pr\u00f3ximo em que as condi\u00e7\u00f5es de qualidade e entrega est\u00e3o garantidas.<\/p>\n<p>Os produtos das categorias e sub-categorias Refrigerados e Congelados s\u00f3 h\u00e1 entrega para a \u00e1rea geogr\u00e1fica de Coimbra e o dia de entrega ser\u00e1 de acordo com as rotas da nossa distribui\u00e7\u00e3o.<\/p>\n<p>Poder\u00e1 consultar o estado da sua encomenda na\u00a0<a href=\"https:\/\/www.ateti.pt\/loja\/minha-conta\/orders\/\">\u00c1rea de Cliente\u00a0<\/a>, inserindo o N\u00famero de Pedido referido no e-mail de confirma\u00e7\u00e3o da encomenda.<\/p>\n<p><strong>RECLAMA\u00c7\u00d5ES E DEVOLU\u00c7\u00d5ES<\/strong><\/p>\n<p>Relativamente a devolu\u00e7\u00f5es, o cliente disp\u00f5e de um per\u00edodo de 14 dias para o fazer. Para ser eleg\u00edvel a uma devolu\u00e7\u00e3o, o artigo n\u00e3o pode ter sido usado, dever\u00e1 estar nas condi\u00e7\u00f5es em que foi recepcionado e dever\u00e1 estar ainda fechado e na embalagem original.<\/p>\n<p>Compete ao cliente verificar a quantidade e o estado da mercadoria no ato da entrega, passando o artigo a ser da responsabilidade de quem o recepcionou.<br \/>\nNo caso de detectar danos ou artigos em falta, o cliente tem um prazo de 7 dias seguintes \u00e0 entrega da encomenda para avisar e apresentar reclama\u00e7\u00e3o junto da Dalifal, Lda. Nestas circunst\u00e2ncias a Dalifal, Lda ir\u00e1 fornecer-lhe a mercadora id\u00eantica de substitui\u00e7\u00e3o.<\/p>\n<p><b>Contacto<\/b><strong>:<\/strong><br \/>\nMorada: Estrada Nacional 111, 3025-496 S\u00e3o Martinho de \u00c1rvore<br \/>\nTelefone: 808 201 679<br \/>\nE-mail: info@ateti.pt<\/p>\n","protected":false},"excerpt":{"rendered":"<p>A Dalifal, Lda., NIF 501 733 990, est\u00e1 comprometida em manter os n\u00edveis de seguran\u00e7a e confian\u00e7a para com os seus utilizadores. Os presentes Termos e Condi\u00e7\u00f5es aplicam-se a todos os utilizadores e navegadores da loja online. Agradecemos que leia atentamente os Termos e Condi\u00e7\u00f5es antes de utilizar o site da Ateti.pt. Ao aceder \u00e0 nossa loja online, o utilizador concorda com os presentes Termos e Condi\u00e7\u00f5es, declarando que \u00e9 maior de idade no seu [&hellip;]<\/p>\n","protected":false},"author":2,"featured_media":0,"parent":0,"menu_order":0,"comment_status":"closed","ping_status":"closed","template":"","meta":{"_themeisle_gutenberg_block_has_review":false,"footnotes":""},"class_list":["post-12437","page","type-page","status-publish","hentry"],"_links":{"self":[{"href":"https:\/\/www.ateti.pt\/loja\/wp-json\/wp\/v2\/pages\/12437","targetHints":{"allow":["GET"]}}],"collection":[{"href":"https:\/\/www.ateti.pt\/loja\/wp-json\/wp\/v2\/pages"}],"about":[{"href":"https:\/\/www.ateti.pt\/loja\/wp-json\/wp\/v2\/types\/page"}],"author":[{"embeddable":true,"href":"https:\/\/www.ateti.pt\/loja\/wp-json\/wp\/v2\/users\/2"}],"replies":[{"embeddable":true,"href":"https:\/\/www.ateti.pt\/loja\/wp-json\/wp\/v2\/comments?post=12437"}],"version-history":[{"count":27,"href":"https:\/\/www.ateti.pt\/loja\/wp-json\/wp\/v2\/pages\/12437\/revisions"}],"predecessor-version":[{"id":60326,"href":"https:\/\/www.ateti.pt\/loja\/wp-json\/wp\/v2\/pages\/12437\/revisions\/60326"}],"wp:attachment":[{"href":"https:\/\/www.ateti.pt\/loja\/wp-json\/wp\/v2\/media?parent=12437"}],"curies":[{"name":"wp","href":"https:\/\/api.w.org\/{rel}","templated":true}]}}